{"id":165,"date":"2020-10-30T22:40:03","date_gmt":"2020-10-30T21:40:03","guid":{"rendered":"https:\/\/maga-sanchez.es\/inmo\/?page_id=165"},"modified":"2020-10-30T23:37:57","modified_gmt":"2020-10-30T22:37:57","slug":"datenschutzerklarung","status":"publish","type":"page","link":"https:\/\/maga-sanchez.es\/inmo\/de\/datenschutzerklarung\/","title":{"rendered":"Datenschutzerkl\u00e4rung"},"content":{"rendered":"\n<p class=\"has-text-align-center\"><strong>(Maschinell erstellte \u00dcbersetzung ohne Gew\u00e4hr.<\/strong><br><strong>Es gilt ausschlie\u00dflich der originale spanische <a href=\"https:\/\/maga-sanchez.es\/inmo\/es\/politica-de-privacidad\/\" data-type=\"page\" data-id=\"161\">Pol\u00edtica de Privacidad<\/a>!)<\/strong><\/p>\n\n\n\n<p>Dieser rechtliche Text gibt Ihnen Auskunft dar\u00fcber, wie wir Ihre personenbezogenen Daten durch die Nutzung unserer Website www.maga-sanchez.es\/inmo\/ erheben und verarbeiten, einschlie\u00dflich aller Informationen, die Sie uns \u00fcber die Website zur Verf\u00fcgung stellen, wenn Sie einen Dienst in Anspruch nehmen, sich f\u00fcr unseren Newsletter anmelden oder Ihre Kontaktdaten \u00fcber das daf\u00fcr vorgesehene Formular angeben.<\/p>\n\n\n\n<p>Wenn Sie uns Daten zur Verf\u00fcgung stellen, teilen wir Ihnen mit, dass unsere Dienstleistungen f\u00fcr diejenigen, die gesetzlich an der Einwilligung gehindert sind, nicht m\u00f6glich sind. Wenn Sie uns also die Formulare zusenden, garantieren Sie, dass Sie \u00fcber ausreichende Kapazit\u00e4ten zur Einwilligung verf\u00fcgen.<\/p>\n\n\n\n<h2 class=\"wp-block-heading\">1. Verantwortlich f\u00fcr die Bearbeitung<\/h2>\n\n\n\n<p>Kontaktdaten des Verantwortlichen: Rafael Sanchez Vallejo mit der NIF: 26809699W und Wohnsitz in der Avda. Tore Tore, n\u00ba 2, local, 29740 Torre del Mar, M\u00e1laga, Telefon 952540226 und E-Mail admon(at)maga-sanchez.es.<\/p>\n\n\n\n<p>Rafael Sanchez Vallejo ist f\u00fcr Ihre Daten verantwortlich. (Von jetzt an wir oder unsere).<\/p>\n\n\n\n<h2 class=\"wp-block-heading\">2. Welche Daten erheben wir?<\/h2>\n\n\n\n<p>Die Allgemeinen Datenschutzbestimmungen besagen, dass <strong>personenbezogene Daten<\/strong> alle Informationen \u00fcber eine identifizierte oder identifizierbare nat\u00fcrliche Person sind, d.h. alle Informationen, die eine Person identifizieren k\u00f6nnen. Dies gilt nicht f\u00fcr anonyme oder prozentuale Daten.<\/p>\n\n\n\n<p>Auf unserer Website k\u00f6nnen wir bestimmte Arten von personenbezogenen Daten verarbeiten, zu denen auch geh\u00f6ren k\u00f6nnen:<\/p>\n\n\n\n<ul class=\"wp-block-list\"><li>Identit\u00e4tsdaten: Vor- und Nachname.<\/li><li>Kontaktdaten: E-Mail und Telefon.<\/li><li>Profildaten: Benutzername und Passwort.<\/li><\/ul>\n\n\n\n<p>Wir sammeln keine Daten \u00fcber spezielle Arten von personenbezogenen Daten (solche, die Ihre ethnische oder rassische Herkunft, politische Meinungen, religi\u00f6se oder philosophische \u00dcberzeugungen, Gewerkschaftszugeh\u00f6rigkeit und Gesundheitsinformationen, genetische oder biometrische Daten offenbaren).<\/p>\n\n\n\n<p>Wenn Sie per Gesetz oder im Rahmen des Vertrags zwischen uns aufgefordert werden, personenbezogene Daten zu erheben und uns diese nicht zur Verf\u00fcgung zu stellen, k\u00f6nnen wir m\u00f6glicherweise keinen solchen Vertrag abschlie\u00dfen oder die Dienstleistung erbringen, und Sie m\u00fcssen uns dies im Voraus mitteilen.<\/p>\n\n\n\n<h2 class=\"wp-block-heading\">3. Wie sammeln wir Ihre pers\u00f6nlichen Daten?<\/h2>\n\n\n\n<p>Die Mittel, mit denen wir personenbezogene Daten sammeln, sind:<\/p>\n\n\n\n<ul class=\"wp-block-list\"><li><strong>\u00dcber das Formular auf unserer Website, \u00fcber unsere Kontakt-E-Mails, per Telefon oder per Post, wenn Sie:<\/strong><ul><li>Informationen \u00fcber unsere Dienstleistungen anfordern<\/li><li>Zugangsdaten f\u00fcr den Kundenbereich anfordern<br><br>Um die Qualit\u00e4t unserer Website zu gew\u00e4hrleisten, behalten wir uns das <strong>Recht vor, Registrierungsanfragen abzulehnen oder eine zuvor akzeptierte Registrierung auszusetzen oder zu stornieren<\/strong>, wenn wir der Meinung sind, dass sie diesen Anforderungen oder anderen Gesetzen oder Vorschriften nicht entspricht. In diesem Fall werden wir versuchen, die Gr\u00fcnde f\u00fcr unsere Entscheidung zu erl\u00e4utern, aber wir werden dies nicht in allen F\u00e4llen tun.<\/li><\/ul><\/li><\/ul>\n\n\n\n<h2 class=\"wp-block-heading\">4. Zweck und Rechtm\u00e4\u00dfigkeit der Nutzung Ihrer Daten<\/h2>\n\n\n\n<p>Die h\u00e4ufigsten Verwendungen Ihrer pers\u00f6nlichen Daten sind:<\/p>\n\n\n\n<ul class=\"wp-block-list\"><li>Um einen Vertrag zwischen Rafael Sanchez Vallejo und Ihnen abzuschlie\u00dfen.<\/li><li>Wenn Sie Ihre Einwilligung zur Verarbeitung Ihrer Daten geben<\/li><li>Wenn wir sie brauchen, um einer gesetzlichen oder beh\u00f6rdlichen Verpflichtung nachzukommen.<\/li><li>wenn es f\u00fcr unser berechtigtes Interesse oder das eines Dritten erforderlich ist.<\/li><\/ul>\n\n\n\n<p>Der Nutzer kann die erteilte Einwilligung jederzeit widerrufen, indem er eine E-Mail an admon(at)maga-sanchez.com sendet oder den unten stehenden Abschnitt \u00fcber die Aus\u00fcbung der Rechte konsultiert.<\/p>\n\n\n\n<p>Nachfolgend finden Sie eine Tabelle, in der Sie erfahren, wie wir Ihre personenbezogenen Daten verwenden und welche Art von Daten wir verarbeiten. Wir k\u00f6nnen einige personenbezogene Daten aus einem zus\u00e4tzlichen rechtlichen Grund verarbeiten, so dass Sie, wenn Sie Details ben\u00f6tigen, eine E-Mail an admon(at)maga-sanchez.es senden k\u00f6nnen.<\/p>\n\n\n\n<figure class=\"wp-block-table\"><table><tbody><tr><td><strong>Zweck<\/strong><\/td><td><strong>Art der Daten<\/strong><\/td><td><strong>Legitimit\u00e4t f\u00fcr Ihre Verarbeitung<\/strong><\/td><\/tr><tr><td>Informationen \u00fcber das Kontaktformular anfordern<\/td><td>\u2022 Name<br>\u2022 E-Mail Adresse<br>\u2022 Telefon<\/td><td>Einwilligung des Betroffenen<\/td><\/tr><tr><td>Zugangsdaten f\u00fcr den Kundenbereich anfordern<\/td><td>\u2022 Name<br>\u2022 Nachname<br>\u2022 E-Mail Adresse<br>\u2022 Telefon<\/td><td>Einwilligung des Betroffenen<br>Erf\u00fcllung einer vertraglichen oder vorvertraglichen Verpflichtung<\/td><\/tr><tr><td>F\u00fcr den privaten Zugang der Kunden<\/td><td>\u2022 Username<br>\u2022 Passwort<\/td><td>Einwilligung des Betroffenen<br>Erf\u00fcllung einer vertraglichen oder vorvertraglichen Verpflichtung<\/td><\/tr><\/tbody><\/table><\/figure>\n\n\n\n<p><strong>Zweck:<\/strong> Wir verwenden Ihre Daten nur f\u00fcr die Zwecke, f\u00fcr die wir sie erheben, es sei denn, wir sind der Ansicht, dass wir sie f\u00fcr einen anderen Zweck verwenden sollten, und teilen Ihnen dies vorher mit, damit Sie \u00fcber den rechtlichen Grund f\u00fcr die Verarbeitung informiert werden und sofern der Zweck mit dem urspr\u00fcnglichen Zweck \u00fcbereinstimmt.<\/p>\n\n\n\n<p><strong>Aufbewahrungsdauer:<\/strong> Sie werden f\u00fcr die Zeit aufbewahrt, die erforderlich ist, um den Zweck, f\u00fcr den sie erhoben wurden, zu erf\u00fcllen und um etwaige Verbindlichkeiten zu ermitteln, die sich aus diesem Zweck und der Verarbeitung der Daten ergeben k\u00f6nnen. Es gelten die Bestimmungen der verschiedenen Vorschriften \u00fcber die Aufbewahrungsdauer, soweit sie f\u00fcr die vorliegende Verarbeitung gelten.<\/p>\n\n\n\n<h2 class=\"wp-block-heading\">5. Ihre Datenschutzrechte<\/h2>\n\n\n\n<p><strong>Wie kann man diese Rechte aus\u00fcben?<\/strong> Der Nutzer kann eine Mitteilung an den Sitz von Rafael Sanchez Vallejo oder die E-Mail-Adresse admon(at)maga-sanchez.com senden, in beiden F\u00e4llen einschlie\u00dflich einer Fotokopie seines Personalausweises oder eines \u00e4hnlichen Ausweises, um die Wahrnehmung der folgenden Rechte zu beantragen:<\/p>\n\n\n\n<ul class=\"wp-block-list\"><li><strong>Zugang<\/strong> zu Ihren pers\u00f6nlichen Daten: Sie k\u00f6nnen Rafael Sanchez Vallejo fragen, ob er Ihre pers\u00f6nlichen Daten verwendet.<\/li><li>Um ihre <strong>Berichtigung<\/strong> zu verlangen, wenn sie nicht korrekt sind, oder um das <strong>Recht<\/strong> auszu\u00fcben, sie <strong>zu vergessen<\/strong>.<\/li><li>Um eine <strong>Beschr\u00e4nkung der Verarbeitung<\/strong> zu beantragen, wird Rafael Sanchez Vallejo diese in diesem Fall nur f\u00fcr die Aus\u00fcbung oder Abwehr von Anspr\u00fcchen einbehalten.<\/li><li><strong>Widerspruch<\/strong> gegen die Verarbeitung: Rafael Sanchez Vallejo wird die Verarbeitung der Daten gem\u00e4\u00df Ihren Angaben unterlassen, es sei denn, dass sie aus legitimen Gr\u00fcnden oder zur Aus\u00fcbung oder Abwehr m\u00f6glicher Anspr\u00fcche weiterverarbeitet werden m\u00fcssen.<\/li><li>Zur <strong>\u00dcbertragbarkeit<\/strong> der Daten: Falls Sie m\u00f6chten, dass Ihre Daten von einem anderen Unternehmen verarbeitet werden, erleichtert Rafael Sanchez Vallejo die \u00dcbertragbarkeit Ihrer Daten auf den neuen Verantwortlichen.<\/li><\/ul>\n\n\n\n<p>Sie k\u00f6nnen die Ihnen von der spanischen Datenschutzbeh\u00f6rde zur Verf\u00fcgung gestellten Formulare verwenden, um Ihre vorherigen Rechte auszu\u00fcben: <a href=\"http:\/\/www.agpd.es\/portalwebAGPD\/CanalDelCiudadano\/derechos\/principales_derchos\/index-ides-idphp.php\" target=\"_blank\" rel=\"noreferrer noopener\">Hier<\/a><\/p>\n\n\n\n<p>Beschwerde an die AEPD: Wenn Sie der Meinung sind, dass es ein Problem mit der Verarbeitung Ihrer Daten durch Rafael Sanchez Vallejo gibt, k\u00f6nnen Sie Ihre Beschwerden an die entsprechende Kontrollbeh\u00f6rde in Spanien richten, die daf\u00fcr zust\u00e4ndig ist: <a href=\"https:\/\/www.agpd.es\/portalwebAGPD\/index-ides-idphp.php\" target=\"_blank\" rel=\"noreferrer noopener\">Spanische Datenschutzbeh\u00f6rde<\/a><\/p>\n\n\n\n<p>M\u00f6glicherweise m\u00fcssen wir Sie um spezifische Informationen bitten, um Ihre Identit\u00e4t zu best\u00e4tigen und Ihr Recht auf Zugang zu Ihren pers\u00f6nlichen Daten zu gew\u00e4hrleisten (oder andere der oben genannten Rechte auszu\u00fcben). Dies ist eine Sicherheitsma\u00dfnahme, um sicherzustellen, dass personenbezogene Daten nicht an Personen weitergegeben werden, die keinen Anspruch darauf haben.<\/p>\n\n\n\n<p>Alle Anfragen werden innerhalb der gesetzlichen Frist von 1 Monat bearbeitet. Es kann jedoch mehr als einen Monat dauern, wenn Ihre Anfrage besonders komplex ist oder wenn Sie bereits eine Reihe von Schritten durchgef\u00fchrt haben. In diesem Fall werden wir Sie benachrichtigen und auf dem Laufenden halten.<\/p>\n\n\n\n<h2 class=\"wp-block-heading\">6. Weitergabe personenbezogener Daten<\/h2>\n\n\n\n<p>Es ist m\u00f6glich, dass wir bei der Durchf\u00fchrung unserer Arbeit die Hilfe von Dritten (Datenverarbeiter) ben\u00f6tigen, die die Daten nur zur Erbringung der vertraglich vereinbarten Leistung verarbeitet haben und mit denen wir \u00fcber entsprechende Ma\u00dfnahmen zur Wahrung Ihrer Rechte verf\u00fcgen:<\/p>\n\n\n\n<ul class=\"wp-block-list\"><li>Dienstleister, die Dienstleistungen im Bereich Informationstechnologie und Systemmanagement anbieten.<\/li><li>Professionelle Berater, darunter Rechtsanw\u00e4lte, Wirtschaftspr\u00fcfer und Versicherer, die Bank-, Rechts-, Versicherungs- und Buchhaltungsberatung anbieten.<\/li><\/ul>\n\n\n\n<p>Alle Datenverarbeiter, an die wir Ihre Daten \u00fcbermitteln, respektieren die Sicherheit Ihrer personenbezogenen Daten und behandeln sie in \u00dcbereinstimmung mit der RGPD.<\/p>\n\n\n\n<p>Wir erlauben diesen Verarbeitern nur, Ihre Daten f\u00fcr bestimmte Zwecke und in \u00dcbereinstimmung mit unseren Anweisungen zu verarbeiten. Sie k\u00f6nnen uns jedoch im Rahmen der Transparenz eine Liste der Unternehmen, die Dienstleistungen erbringen, anfordern, dies k\u00f6nnen Sie per E-Mail tun: admon(at)maga-sanchez.es<\/p>\n\n\n\n<h2 class=\"wp-block-heading\">7. Datensicherheit<\/h2>\n\n\n\n<p>Wir haben angemessene Sicherheitsvorkehrungen getroffen, um zu verhindern, dass Ihre personenbezogenen Daten versehentlich verloren gehen, verwendet oder unberechtigterweise abgerufen, ver\u00e4ndert oder weitergegeben werden. Dar\u00fcber hinaus beschr\u00e4nken wir den Zugriff auf Ihre pers\u00f6nlichen Daten auf diejenigen Mitarbeiter, Auftragnehmer, Vertreter und andere Dritte, die diese Informationen ben\u00f6tigen. Sie werden Ihre pers\u00f6nlichen Daten nur nach unseren Anweisungen verarbeiten und unterliegen der Geheimhaltungspflicht.<\/p>\n\n\n\n<p>Wir verf\u00fcgen \u00fcber Verfahren zur Behandlung vermuteter Datenschutzverletzungen und werden Sie und die Aufsichtsbeh\u00f6rde im Falle eines Datenschutzversto\u00dfes gem\u00e4\u00df Artikel 33 und 34 des RGPD informieren.<\/p>\n","protected":false},"excerpt":{"rendered":"<p>(Maschinell erstellte \u00dcbersetzung ohne Gew\u00e4hr.Es gilt ausschlie\u00dflich der originale spanische Pol\u00edtica de Privacidad!) Dieser rechtliche Text gibt Ihnen Auskunft dar\u00fcber, wie wir Ihre personenbezogenen Daten durch die Nutzung unserer Website www.maga-sanchez.es\/inmo\/ erheben und verarbeiten, einschlie\u00dflich aller Informationen, die Sie uns \u00fcber die Website zur Verf\u00fcgung stellen, wenn Sie einen Dienst in Anspruch nehmen, sich f\u00fcr<a class=\"more-link\" href=\"https:\/\/maga-sanchez.es\/inmo\/de\/datenschutzerklarung\/\">Ver m\u00e1s  &#10230;<\/a><\/p>\n","protected":false},"author":1,"featured_media":0,"parent":0,"menu_order":0,"comment_status":"closed","ping_status":"closed","template":"","meta":{"footnotes":""},"class_list":["post-165","page","type-page","status-publish","hentry"],"_links":{"self":[{"href":"https:\/\/maga-sanchez.es\/inmo\/wp-json\/wp\/v2\/pages\/165","targetHints":{"allow":["GET"]}}],"collection":[{"href":"https:\/\/maga-sanchez.es\/inmo\/wp-json\/wp\/v2\/pages"}],"about":[{"href":"https:\/\/maga-sanchez.es\/inmo\/wp-json\/wp\/v2\/types\/page"}],"author":[{"embeddable":true,"href":"https:\/\/maga-sanchez.es\/inmo\/wp-json\/wp\/v2\/users\/1"}],"replies":[{"embeddable":true,"href":"https:\/\/maga-sanchez.es\/inmo\/wp-json\/wp\/v2\/comments?post=165"}],"version-history":[{"count":2,"href":"https:\/\/maga-sanchez.es\/inmo\/wp-json\/wp\/v2\/pages\/165\/revisions"}],"predecessor-version":[{"id":182,"href":"https:\/\/maga-sanchez.es\/inmo\/wp-json\/wp\/v2\/pages\/165\/revisions\/182"}],"wp:attachment":[{"href":"https:\/\/maga-sanchez.es\/inmo\/wp-json\/wp\/v2\/media?parent=165"}],"curies":[{"name":"wp","href":"https:\/\/api.w.org\/{rel}","templated":true}]}}