{"id":16,"date":"2020-07-30T23:30:23","date_gmt":"2020-07-30T21:30:23","guid":{"rendered":"https:\/\/maga-sanchez.es\/inmo\/?page_id=16"},"modified":"2022-11-23T13:25:51","modified_gmt":"2022-11-23T12:25:51","slug":"impressum","status":"publish","type":"page","link":"https:\/\/maga-sanchez.es\/inmo\/de\/impressum\/","title":{"rendered":"Impressum"},"content":{"rendered":"\n<p class=\"has-text-align-center\"><strong>(Maschinell erstellte \u00dcbersetzung ohne Gew\u00e4hr.<br>Es gilt ausschlie\u00dflich der originale spanische <a href=\"https:\/\/maga-sanchez.es\/inmo\/es\/aviso-legal\/\" data-type=\"page\">Aviso Legal<\/a>!)<\/strong><\/p>\n\n\n\n<h2 class=\"wp-block-heading\">1. Rechtliche Hinweise und Zustimmung<\/h2>\n\n\n\n<p>In \u00dcbereinstimmung mit <strong>Artikel 10 des Gesetzes 34\/2002<\/strong> vom 11. Juli \u00fcber die Dienste der Informationsgesellschaft und den elektronischen Gesch\u00e4ftsverkehr sind die Identifizierungsdaten des Unternehmens nachstehend aufgef\u00fchrt. Dieses Internetportal wird den Nutzern von der Stelle zur Verf\u00fcgung gestellt, deren identifizierende Daten folgende sind<\/p>\n\n\n\n<p>Firmenname: <strong>Rafael Sanchez Vallejo<\/strong><br>CIF: 26809699W<br>Firmensitz: Avda. Tore Tore, 2 Bajo. Torre del Mar. M\u00e1laga. CP 29740<br>Telefon: 633 912 454<br>Email: rafael(at)maga-sanchez.es<\/p>\n\n\n\n<p>Dieser rechtliche Hinweis enth\u00e4lt die allgemeinen Bedingungen f\u00fcr den Zugang zu und die Nutzung dieser Website, nachfolgend \u201edie Website\u201c genannt. Die Nutzung der Website setzt die ausdr\u00fcckliche und vollst\u00e4ndige Annahme dieser allgemeinen Bedingungen in der zum Zeitpunkt des Zugriffs des Nutzers ver\u00f6ffentlichten Fassung voraus, unbeschadet der spezifischen Bedingungen, die f\u00fcr einige der spezifischen Dienste der Website gelten k\u00f6nnen.<\/p>\n\n\n\n<p>Der Zugang zur Website ist kostenlos, mit Ausnahme der Kosten f\u00fcr die Verbindung \u00fcber das Telekommunikationsnetz des von den Nutzern beauftragten Zugangsproviders. Bestimmte Dienstleistungen sind exklusiv f\u00fcr unsere Kunden und der Zugang zu ihnen ist eingeschr\u00e4nkt.<\/p>\n\n\n\n<p>Die Nutzung des Portals begr\u00fcndet die Eigenschaft des Nutzers des Portals (nachfolgend \u201eNutzer\u201c genannt) und setzt die Annahme aller in diesen rechtlichen Hinweisen enthaltenen Bedingungen voraus. Die Erbringung des Portalservices ist auf den Zeitpunkt beschr\u00e4nkt, an dem der Nutzer mit dem Portal oder einem der \u00fcber das Portal angebotenen Dienste verbunden ist. Daher muss der Nutzer diese rechtlichen Hinweise jedes Mal sorgf\u00e4ltig lesen, wenn er beabsichtigt, das Portal zu nutzen, da sie und die in diesen rechtlichen Hinweisen dargelegten Nutzungsbedingungen \u00c4nderungen unterliegen k\u00f6nnen.<\/p>\n\n\n\n<p>Einige Portaldienste, die f\u00fcr Internetnutzer zug\u00e4nglich oder exklusiv f\u00fcr die Kunden von Rafael Sanchez Vallejo sind, k\u00f6nnen besonderen Bedingungen, Vorschriften und Anweisungen unterliegen, die gegebenenfalls diese rechtlichen Hinweise ersetzen, erg\u00e4nzen und\/oder \u00e4ndern und die vom Benutzer akzeptiert werden m\u00fcssen, bevor der entsprechende Dienst bereitgestellt wird.<\/p>\n\n\n\n<h2 class=\"wp-block-heading\">2. Geistiges und gewerbliches Eigentum<\/h2>\n\n\n\n<p>Diese Website und die darin enthaltenen Inhalte sind durch die geltenden Gesetze zum Schutz des geistigen Eigentums gesch\u00fctzt.<\/p>\n\n\n\n<p>Rafael Sanchez Vallejo ist Eigent\u00fcmer oder Lizenznehmer aller geistigen und gewerblichen Eigentumsrechte an ihrer Website sowie der darin enthaltenen Elemente. Aus diesem Grund ist die Vervielf\u00e4ltigung, Verbreitung, \u00f6ffentliche Wiedergabe und Ver\u00e4nderung des gesamten oder eines Teils des Inhalts dieser Website zu kommerziellen Zwecken, in jedem Medium und mit allen technischen Mitteln ohne die Genehmigung der Allgemeinen Gesch\u00e4ftsbedingungen ausdr\u00fccklich untersagt.<\/p>\n\n\n\n<p><strong>Die Marken, Handelsnamen oder Kennzeichen sind Eigentum von Rafael Sanchez Vallejo oder Dritten, und der Zugang zum Portal darf nicht als \u00dcbertragung von Rechten an den vorgenannten Marken, Handelsnamen und\/oder Kennzeichen ausgelegt werden.<\/strong><\/p>\n\n\n\n<p>Alle Produkte und Dienstleistungen auf diesen Seiten, die NICHT Eigentum von Rafael Sanchez Vallejo sind, sind eingetragene Warenzeichen ihrer jeweiligen Eigent\u00fcmer und werden von unserem Unternehmen als solche anerkannt. Sie erscheinen auf der Website von Rafael Sanchez Vallejo nur zum Zwecke der Werbung und Informationsbeschaffung. Diese Eigent\u00fcmer k\u00f6nnen die \u00c4nderung oder L\u00f6schung der ihnen geh\u00f6renden Informationen verlangen.<\/p>\n\n\n\n<h2 class=\"wp-block-heading\">3. Nutzungsbedingungen des Internetportals<\/h2>\n\n\n\n<h3 class=\"wp-block-heading\">3.1 Allgemeines<\/h3>\n\n\n\n<p>Der Nutzer verpflichtet sich, das Portal in \u00dcbereinstimmung mit dem Gesetz und diesen rechtlichen Hinweisen korrekt zu nutzen. Der Nutzer haftet Rafael Sanchez Vallejo oder Dritten gegen\u00fcber f\u00fcr Sch\u00e4den, die durch die Verletzung dieser Verpflichtung entstehen.<\/p>\n\n\n\n<p>Es ist ausdr\u00fccklich untersagt, das Portal zu Zwecken zu nutzen, die dem Eigentum oder den Interessen von Rafael Sanchez Vallejo oder Dritten schaden oder die Netzwerke, Server und andere Computerausr\u00fcstung (Hardware) oder Produkte und Software (Software) von Rafael Sanchez Vallejo oder Dritten auf andere Weise \u00fcberlasten, besch\u00e4digen oder deaktivieren.<\/p>\n\n\n\n<h3 class=\"wp-block-heading\">3.2 Inhalte<\/h3>\n\n\n\n<p>Der Nutzer verpflichtet sich, die Inhalte in \u00dcbereinstimmung mit dem Gesetz und diesen rechtlichen Hinweisen sowie mit allen anderen Bedingungen, Vorschriften und Anweisungen, die gem\u00e4\u00df den Bestimmungen von Absatz 1 anwendbar sind, zu verwenden.<\/p>\n\n\n\n<p>Zur Verdeutlichung muss der Nutzer gem\u00e4\u00df der geltenden Gesetzgebung davon absehen:<\/p>\n\n\n\n<ul class=\"wp-block-list\">\n<li>Die Inhalte zu vervielf\u00e4ltigen, zu kopieren, zu verbreiten, zur Verf\u00fcgung zu stellen, \u00f6ffentlich bekannt zu geben, umzuwandeln oder zu ver\u00e4ndern, au\u00dfer in den F\u00e4llen, in denen dies gesetzlich erlaubt ist oder ausdr\u00fccklich von Rafael Sanchez Vallejo oder von demjenigen, der Inhaber der Nutzungsrechte ist, falls zutreffend.<\/li>\n\n\n\n<li>Die Inhalte, die als Software oder Datenbank in \u00dcbereinstimmung mit den geltenden Gesetzen \u00fcber geistiges Eigentum betrachtet werden k\u00f6nnen, sowie deren \u00f6ffentliche Wiedergabe oder Weitergabe an Dritte f\u00fcr den privaten Gebrauch zu vervielf\u00e4ltigen oder zu kopieren, wenn diese Handlungen notwendigerweise eine Vervielf\u00e4ltigung durch den Nutzer oder einen Dritten beinhalten.<\/li>\n\n\n\n<li>Die Inhalte des Portals sowie die Datenbanken, die Rafael Sanchez Vallejo den Nutzern zur Verf\u00fcgung stellt, ganz oder teilweise zu extrahieren und\/oder wiederzuverwenden.<\/li>\n<\/ul>\n\n\n\n<h3 class=\"wp-block-heading\">3.3 Einbinden von Links zum Portal<\/h3>\n\n\n\n<p>Der Internetnutzer, der Links von seinen eigenen Webseiten auf das Portal einf\u00fcgen m\u00f6chte, muss die nachstehenden Bedingungen einhalten, ohne dass er die sich aus dem Gesetz ergebenden Pflichten ignoriert:<\/p>\n\n\n\n<p>Der Link verweist nur auf die Homepage oder Hauptseite des Portals, darf aber in keiner Weise reproduziert werden (Online-Links, Textkopien, Grafiken, etc.).<\/p>\n\n\n\n<p>In jedem Fall ist es in \u00dcbereinstimmung mit der geltenden Gesetzgebung zu jeder Zeit verboten, Frames oder Rahmen jeglicher Art zu erstellen, die das Portal betreffen oder die Visualisierung der Inhalte \u00fcber andere Internetadressen als die des Portals und in jedem Fall, wenn sie zusammen mit Inhalten au\u00dferhalb des Portals in einer solchen Weise visualisiert werden: (I) bei den Nutzern Fehler, Verwirrung oder T\u00e4uschung hinsichtlich der wahren Herkunft des Dienstes oder des Inhalts hervorruft oder hervorrufen kann; (II) einen Akt des unlauteren Vergleichs oder der Nachahmung beinhaltet; (III) dazu dient, den Ruf und das Ansehen von Rafael Sanchez Vallejo auszunutzen; oder (IV) anderweitig durch die geltende Gesetzgebung verboten ist.<\/p>\n\n\n\n<p>Es werden keine falschen, ungenauen oder falschen Angaben \u00fcber Rafael Sanchez Vallejo , seine Partner, Mitarbeiter, Kunden oder die Qualit\u00e4t der von ihm angebotenen Dienstleistungen gemacht.<\/p>\n\n\n\n<p>In keinem Fall darf die Seite, die den Link enth\u00e4lt, angeben, dass Rafael Sanchez Vallejo dem Einf\u00fcgen des Links zugestimmt hat oder dass sie anderweitig die Dienste des Absenders sponsert, mit ihm zusammenarbeitet, \u00fcberpr\u00fcft oder \u00fcberwacht.<\/p>\n\n\n\n<p>Die Verwendung von W\u00f6rtern, grafischen oder gemischten Marken oder anderen Kennzeichen von Rafael Sanchez Vallejo innerhalb der Website des Absenders ist verboten, es sei denn, dies ist gesetzlich zul\u00e4ssig oder von Rafael Sanchez Vallejo ausdr\u00fccklich genehmigt und vorausgesetzt, dass in solchen F\u00e4llen ein direkter Link zum Portal in der in dieser Klausel dargelegten Weise zul\u00e4ssig ist.<\/p>\n\n\n\n<p>Die Seite, die den Link einrichtet, muss gesetzeskonform sein und darf in keinem Fall eigene oder fremde Inhalte anbieten oder verlinken: (I) rechtswidrig, sch\u00e4dlich oder gegen die guten Sitten und Gebr\u00e4uche (pornographisch, gewaltt\u00e4tig, rassistisch usw.) sind; (II) die falsche Vorstellung, dass Rafael Sanchez Vallejo die Ideen, Aussagen oder Ausdr\u00fccke des Absenders unterschreibt, billigt, befolgt oder in irgendeiner Weise unterst\u00fctzt; (III) unangemessen oder nicht relevant f\u00fcr die T\u00e4tigkeit von Rafael Sanchez Vallejo in Bezug auf den Ort, den Inhalt und den Gegenstand der Website des Absenders sind.<\/p>\n\n\n\n<h2 class=\"wp-block-heading\">4. Haftungsausschluss<\/h2>\n\n\n\n<h3 class=\"wp-block-heading\">4.1 Informationen<\/h3>\n\n\n\n<p>Der Zugriff auf das Portal verpflichtet Rafael Sanchez Vallejo nicht dazu, die Richtigkeit, Genauigkeit, Eignung, Eignung, Vollst\u00e4ndigkeit und Aktualit\u00e4t der \u00fcber das Portal bereitgestellten Informationen zu \u00fcberpr\u00fcfen. Der Inhalt dieser Seite ist allgemeiner Natur und stellt in keiner Weise eine Rechtsberatung oder irgendeine Art von Beratung dar, so dass diese Informationen nicht ausreichen, um pers\u00f6nliche oder gesch\u00e4ftliche Entscheidungen des Nutzers zu treffen.<\/p>\n\n\n\n<p>Rafael Sanchez Vallejo haftet nicht f\u00fcr Entscheidungen, die auf der Grundlage der auf dem Portal bereitgestellten Informationen getroffen werden, oder f\u00fcr Sch\u00e4den, die dem Nutzer oder Dritten durch Handlungen entstehen, die ausschlie\u00dflich auf den auf dem Portal erhaltenen Informationen beruhen.<\/p>\n\n\n\n<h3 class=\"wp-block-heading\">4.2 Qualit\u00e4t der Dienstleistungen<\/h3>\n\n\n\n<p>Der Zugriff auf das Portal verpflichtet Rafael Sanchez Vallejo nicht dazu, die Abwesenheit von Viren, W\u00fcrmern oder anderen sch\u00e4dlichen Computerelementen zu kontrollieren. In jedem Fall ist der Nutzer f\u00fcr die Verf\u00fcgbarkeit geeigneter Werkzeuge zur Erkennung und Desinfektion von sch\u00e4dlichen Computerprogrammen verantwortlich.<\/p>\n\n\n\n<p>Rafael Sanchez Vallejo haftet nicht f\u00fcr Sch\u00e4den an der Computerausr\u00fcstung von Nutzern oder Dritten w\u00e4hrend der Bereitstellung des Portaldienstes.<\/p>\n\n\n\n<h3 class=\"wp-block-heading\">4.3 Verf\u00fcgbarkeit des Dienstes<\/h3>\n\n\n\n<p>El acceso al Portal requiere de servicios y suministros de terceros, incluidos el transporte a trav\u00e9s de redes de telecomunicaciones cuya fiabilidad, calidad, continuidad y funcionamiento no corresponde a Rafael Sanchez Vallejo Por consiguiente, los servicios prove\u00eddos a trav\u00e9s del Portal pueden ser suspendidos, cancelados o resultar inaccesibles, con car\u00e1cter previo o simult\u00e1neo a la prestaci\u00f3n del servicio del Portal.<\/p>\n\n\n\n<p><strong>Rafael Sanchez Vallejo haftet nicht f\u00fcr Sch\u00e4den jeglicher Art, die dem Nutzer durch Ausf\u00e4lle oder Unterbrechungen in den Telekommunikationsnetzen entstehen, die zur Aussetzung, L\u00f6schung oder Unterbrechung des Dienstes des Portals w\u00e4hrend der Bereitstellung desselben oder davor f\u00fchren k\u00f6nnen.<\/strong><\/p>\n\n\n\n<h3 class=\"wp-block-heading\">4.4 Inhalte und Dienste, die \u00fcber das Portal verlinkt sind<\/h3>\n\n\n\n<p>Der Portalservice umfasst auch technische Verlinkungen, Verzeichnisse und sogar Suchwerkzeuge, die dem Nutzer den Zugriff auf andere Internetseiten und Portale erm\u00f6glichen (im Folgenden \u201eVerlinkte Seiten\u201c). In diesen F\u00e4llen handelt Rafael Sanchez Vallejo als Vermittler im Sinne von Artikel 17 des Gesetzes 34\/2002 vom 12. Juli 2002 \u00fcber Dienste der Informationsgesellschaft und des elektronischen Gesch\u00e4ftsverkehrs (LSSI) und haftet f\u00fcr die auf den verlinkten Seiten angebotenen Inhalte und Dienste nur insoweit, als sie von der Rechtswidrigkeit Kenntnis hat und den Link nicht mit der gebotenen Sorgfalt deaktiviert hat. Sollte der Nutzer der Ansicht sein, dass es eine verlinkte Seite mit rechtswidrigen oder unangemessenen Inhalten gibt, kann er Rafael Sanchez Vallejo gem\u00e4\u00df der in Ziffer 6 festgelegten Vorgehensweise und Wirkung benachrichtigen, ohne dass diese Benachrichtigung in jedem Fall die Verpflichtung zur Entfernung des entsprechenden Links beinhaltet.<\/p>\n\n\n\n<p>In keinem Fall setzt das Bestehen von verlinkten Seiten das Bestehen von Vereinbarungen mit den Verantwortlichen oder deren Inhabern voraus, noch die Empfehlung, F\u00f6rderung oder Identifikation von Rafael Sanchez Vallejo mit den Aussagen, Inhalten oder Dienstleistungen.<\/p>\n\n\n\n<p>Rafael Sanchez Vallejo ist sich der Inhalte und Dienste der verlinkten Seiten nicht bewusst und haftet daher nicht f\u00fcr Sch\u00e4den, die durch Rechtswidrigkeit, Qualit\u00e4t, Nichtaktualisierung, Nichtverf\u00fcgbarkeit, Fehler oder Nutzlosigkeit der Inhalte und\/oder Dienste der verlinkten Seiten oder f\u00fcr sonstige Sch\u00e4den, die nicht direkt Rafael Sanchez Vallejo zuzurechnen sind.<\/p>\n\n\n\n<h2 class=\"wp-block-heading\">5. Datenschutz<\/h2>\n\n\n\n<p>In unserer <a href=\"https:\/\/maga-sanchez.es\/inmo\/de\/datenschutzerklarung\/\" data-type=\"page\" data-id=\"165\">Datenschutzerkl\u00e4rung<\/a> erfahren Sie, wie wir Ihre pers\u00f6nlichen Daten verwenden.<\/p>\n\n\n\n<h2 class=\"wp-block-heading\">6. Mitteilung illegaler und unangemessener Aktivit\u00e4ten<\/h2>\n\n\n\n<p>Sollte dem Nutzer oder einem anderen Internetnutzer bekannt werden, dass die verlinkten Seiten auf Seiten verweisen, deren Inhalt oder Dienstleistungen rechtswidrig, sch\u00e4dlich, erniedrigend, gewaltt\u00e4tig oder sittenwidrig sind, kann er sich unter Angabe der folgenden Punkte an Rafael Sanchez Vallejo wenden:<\/p>\n\n\n\n<ol class=\"wp-block-list\">\n<li>Pers\u00f6nliche Daten des Empf\u00e4ngers: Name, Adresse, Telefonnummer und E-Mail-Adresse;<\/li>\n\n\n\n<li>Beschreibung der Tatsachen, die den illegalen oder unangemessenen Charakter der verlinkten Seite offenbaren;<\/li>\n\n\n\n<li>Im Falle der Verletzung von Rechten, wie geistiges und gewerbliches Eigentum, werden die pers\u00f6nlichen Daten des Rechtsinhabers verletzt, wenn es sich um eine andere Person als den Mitteilenden handelt.<\/li>\n\n\n\n<li>Ebenso muss der Antragsteller den Titel angeben, der die Legitimit\u00e4t des Inhabers der Rechte und gegebenenfalls die der Vertretung best\u00e4tigt, um im Namen des Inhabers zu handeln, wenn er eine andere Person als der Korrespondent ist;<\/li>\n\n\n\n<li>Ausdr\u00fcckliche Erkl\u00e4rung, dass die im Antrag enthaltenen Informationen korrekt sind.<\/li>\n<\/ol>\n\n\n\n<p>Der Empfang der in diesem Abschnitt vorgesehenen Mitteilung durch Rafael Sanchez Vallejo bedeutet nicht, dass in \u00dcbereinstimmung mit den Bestimmungen der LSSI eine wirksame Kenntnis der vom Absender angegebenen Aktivit\u00e4ten und\/oder Inhalte vorliegt.<\/p>\n\n\n\n<p>Au\u00dferdem muss sie die Berechtigung des Inhabers der Rechte und gegebenenfalls der Vertretung, im Namen des Inhabers zu handeln, wenn es sich um eine andere Person als den Antragsteller handelt, angeben; sie muss ausdr\u00fccklich erkl\u00e4ren, dass die in der Forderung enthaltenen Informationen korrekt sind.<\/p>\n\n\n\n<h2 class=\"wp-block-heading\">7. Benachrichtigungen<\/h2>\n\n\n\n<p>Alle Benachrichtigungen und Mitteilungen der Parteien sind in \u00dcbereinstimmung mit den gesetzlich zul\u00e4ssigen Mitteln g\u00fcltig. Diejenigen, die mit diesem Portal in Verbindung stehen, werden in jeder Hinsicht als wirksam angesehen, wenn sie \u00fcber das Portal selbst durchgef\u00fchrt werden.<\/p>\n\n\n\n<h2 class=\"wp-block-heading\">8. \u00c4nderungen<\/h2>\n\n\n\n<p><strong>Rafael Sanchez Vallejo<\/strong> beh\u00e4lt sich das Recht vor, unangek\u00fcndigte \u00c4nderungen an ihrer Website vorzunehmen und kann sowohl die Inhalte und Dienste, die \u00fcber sie bereitgestellt werden, als auch die Art und Weise ihrer Darstellung \u00e4ndern, l\u00f6schen oder hinzuf\u00fcgen.<\/p>\n\n\n\n<p>Dar\u00fcber hinaus k\u00f6nnen sich diese Bedingungen jederzeit \u00e4ndern. Die \u00c4nderungen treten in Kraft, sobald sie ver\u00f6ffentlicht werden.<\/p>\n\n\n\n<h2 class=\"wp-block-heading\">9. Gerichtsbarkeit<\/h2>\n\n\n\n<p>Diese rechtlichen Hinweise unterliegen in allen ihren Aspekten dem spanischen Recht. Sofern das geltende Recht den Verzicht auf die bestehende Rechtsprechung zul\u00e4sst, werden die Gerichte von M\u00e1laga als Gerichtsstand f\u00fcr eventuelle Streitigkeiten benannt, und der Nutzer verzichtet ausdr\u00fccklich auf jede andere entsprechende Rechtsprechung.<\/p>\n","protected":false},"excerpt":{"rendered":"<p>(Maschinell erstellte \u00dcbersetzung ohne Gew\u00e4hr.Es gilt ausschlie\u00dflich der originale spanische Aviso Legal!) 1. Rechtliche Hinweise und Zustimmung In \u00dcbereinstimmung mit Artikel 10 des Gesetzes 34\/2002 vom 11. Juli \u00fcber die Dienste der Informationsgesellschaft und den elektronischen Gesch\u00e4ftsverkehr sind die Identifizierungsdaten des Unternehmens nachstehend aufgef\u00fchrt. Dieses Internetportal wird den Nutzern von der Stelle zur Verf\u00fcgung gestellt,<a class=\"more-link\" href=\"https:\/\/maga-sanchez.es\/inmo\/de\/impressum\/\">Ver m\u00e1s  &#10230;<\/a><\/p>\n","protected":false},"author":1,"featured_media":0,"parent":0,"menu_order":0,"comment_status":"closed","ping_status":"closed","template":"","meta":{"footnotes":""},"class_list":["post-16","page","type-page","status-publish","hentry"],"_links":{"self":[{"href":"https:\/\/maga-sanchez.es\/inmo\/wp-json\/wp\/v2\/pages\/16","targetHints":{"allow":["GET"]}}],"collection":[{"href":"https:\/\/maga-sanchez.es\/inmo\/wp-json\/wp\/v2\/pages"}],"about":[{"href":"https:\/\/maga-sanchez.es\/inmo\/wp-json\/wp\/v2\/types\/page"}],"author":[{"embeddable":true,"href":"https:\/\/maga-sanchez.es\/inmo\/wp-json\/wp\/v2\/users\/1"}],"replies":[{"embeddable":true,"href":"https:\/\/maga-sanchez.es\/inmo\/wp-json\/wp\/v2\/comments?post=16"}],"version-history":[{"count":6,"href":"https:\/\/maga-sanchez.es\/inmo\/wp-json\/wp\/v2\/pages\/16\/revisions"}],"predecessor-version":[{"id":413,"href":"https:\/\/maga-sanchez.es\/inmo\/wp-json\/wp\/v2\/pages\/16\/revisions\/413"}],"wp:attachment":[{"href":"https:\/\/maga-sanchez.es\/inmo\/wp-json\/wp\/v2\/media?parent=16"}],"curies":[{"name":"wp","href":"https:\/\/api.w.org\/{rel}","templated":true}]}}