{"id":159,"date":"2020-10-30T22:30:23","date_gmt":"2020-10-30T21:30:23","guid":{"rendered":"https:\/\/maga-sanchez.es\/inmo\/?page_id=159"},"modified":"2023-12-27T13:32:41","modified_gmt":"2023-12-27T12:32:41","slug":"cookie-richtlinie","status":"publish","type":"page","link":"https:\/\/maga-sanchez.es\/inmo\/de\/cookie-richtlinie\/","title":{"rendered":"Cookie-Richtlinie"},"content":{"rendered":"\n<p class=\"has-text-align-center\"><strong>(Maschinell erstellte \u00dcbersetzung ohne Gew\u00e4hr.<br>Es gilt ausschlie\u00dflich der originale spanische <a href=\"https:\/\/maga-sanchez.es\/inmo\/es\/politica-de-cookies\/\" data-type=\"page\" data-id=\"155\">Politica de Cookies<\/a>!)<\/strong><\/p>\n\n\n\n<p>RAFAEL SANCHEZ VALLEJO verwendet keine Cookies, um Informationen von Nutzern zu sammeln. Lediglich Sitzungscookies werden f\u00fcr technische Zwecke verwendet (die es dem Nutzer erm\u00f6glichen, auf der Website zu surfen und die verschiedenen Optionen und Dienste zu nutzen, die es auf der Website gibt).<\/p>\n","protected":false},"excerpt":{"rendered":"<p>(Maschinell erstellte \u00dcbersetzung ohne Gew\u00e4hr.Es gilt ausschlie\u00dflich der originale spanische Politica de Cookies!) RAFAEL SANCHEZ VALLEJO verwendet keine Cookies, um Informationen von Nutzern zu sammeln. Lediglich Sitzungscookies werden f\u00fcr technische Zwecke verwendet (die es dem Nutzer erm\u00f6glichen, auf der Website zu surfen und die verschiedenen Optionen und Dienste zu nutzen, die es auf der Website<a class=\"more-link\" href=\"https:\/\/maga-sanchez.es\/inmo\/de\/cookie-richtlinie\/\">Ver m\u00e1s  &#10230;<\/a><\/p>\n","protected":false},"author":1,"featured_media":0,"parent":0,"menu_order":0,"comment_status":"closed","ping_status":"closed","template":"","meta":{"footnotes":""},"class_list":["post-159","page","type-page","status-publish","hentry"],"_links":{"self":[{"href":"https:\/\/maga-sanchez.es\/inmo\/wp-json\/wp\/v2\/pages\/159","targetHints":{"allow":["GET"]}}],"collection":[{"href":"https:\/\/maga-sanchez.es\/inmo\/wp-json\/wp\/v2\/pages"}],"about":[{"href":"https:\/\/maga-sanchez.es\/inmo\/wp-json\/wp\/v2\/types\/page"}],"author":[{"embeddable":true,"href":"https:\/\/maga-sanchez.es\/inmo\/wp-json\/wp\/v2\/users\/1"}],"replies":[{"embeddable":true,"href":"https:\/\/maga-sanchez.es\/inmo\/wp-json\/wp\/v2\/comments?post=159"}],"version-history":[{"count":4,"href":"https:\/\/maga-sanchez.es\/inmo\/wp-json\/wp\/v2\/pages\/159\/revisions"}],"predecessor-version":[{"id":521,"href":"https:\/\/maga-sanchez.es\/inmo\/wp-json\/wp\/v2\/pages\/159\/revisions\/521"}],"wp:attachment":[{"href":"https:\/\/maga-sanchez.es\/inmo\/wp-json\/wp\/v2\/media?parent=159"}],"curies":[{"name":"wp","href":"https:\/\/api.w.org\/{rel}","templated":true}]}}