{"id":155,"date":"2020-10-30T22:30:23","date_gmt":"2020-10-30T21:30:23","guid":{"rendered":"https:\/\/maga-sanchez.es\/inmo\/?page_id=155"},"modified":"2023-12-27T13:23:50","modified_gmt":"2023-12-27T12:23:50","slug":"politica-de-cookies","status":"publish","type":"page","link":"https:\/\/maga-sanchez.es\/inmo\/es\/politica-de-cookies\/","title":{"rendered":"Pol\u00edtica de Cookies"},"content":{"rendered":"\n<p>RAFAEL SANCHEZ VALLEJO no utiliza cookies para recoger informaci\u00f3n de las personas usuarias. \u00danicamente se utilizan cookies propias,\u00a0 de sesi\u00f3n, con finalidad t\u00e9cnica (aquellas que permiten a la persona usuaria\u00a0la navegaci\u00f3n a trav\u00e9s del sitio web y la utilizaci\u00f3n de las diferentes opciones y servicios que en ella existen).<\/p>\n","protected":false},"excerpt":{"rendered":"<p>RAFAEL SANCHEZ VALLEJO no utiliza cookies para recoger informaci\u00f3n de las personas usuarias. \u00danicamente se utilizan cookies propias,\u00a0 de sesi\u00f3n, con finalidad t\u00e9cnica (aquellas que permiten a la persona usuaria\u00a0la navegaci\u00f3n a trav\u00e9s del sitio web y la utilizaci\u00f3n de las diferentes opciones y servicios que en ella existen).<\/p>\n","protected":false},"author":1,"featured_media":0,"parent":0,"menu_order":0,"comment_status":"closed","ping_status":"closed","template":"","meta":{"footnotes":""},"class_list":["post-155","page","type-page","status-publish","hentry"],"_links":{"self":[{"href":"https:\/\/maga-sanchez.es\/inmo\/wp-json\/wp\/v2\/pages\/155","targetHints":{"allow":["GET"]}}],"collection":[{"href":"https:\/\/maga-sanchez.es\/inmo\/wp-json\/wp\/v2\/pages"}],"about":[{"href":"https:\/\/maga-sanchez.es\/inmo\/wp-json\/wp\/v2\/types\/page"}],"author":[{"embeddable":true,"href":"https:\/\/maga-sanchez.es\/inmo\/wp-json\/wp\/v2\/users\/1"}],"replies":[{"embeddable":true,"href":"https:\/\/maga-sanchez.es\/inmo\/wp-json\/wp\/v2\/comments?post=155"}],"version-history":[{"count":4,"href":"https:\/\/maga-sanchez.es\/inmo\/wp-json\/wp\/v2\/pages\/155\/revisions"}],"predecessor-version":[{"id":519,"href":"https:\/\/maga-sanchez.es\/inmo\/wp-json\/wp\/v2\/pages\/155\/revisions\/519"}],"wp:attachment":[{"href":"https:\/\/maga-sanchez.es\/inmo\/wp-json\/wp\/v2\/media?parent=155"}],"curies":[{"name":"wp","href":"https:\/\/api.w.org\/{rel}","templated":true}]}}